{"id":3586,"date":"2023-08-03T13:37:57","date_gmt":"2023-08-03T11:37:57","guid":{"rendered":"https:\/\/www.tjmokre.cz\/?page_id=3586"},"modified":"2026-03-13T17:32:14","modified_gmt":"2026-03-13T16:32:14","slug":"zeny","status":"publish","type":"page","link":"https:\/\/www.tjmokre.cz\/index.php\/zeny\/","title":{"rendered":"\u017deny"},"content":{"rendered":"<div class='breakdance'><section class=\"bde-section-3586-160 bde-section\">\n              \n  \n  \n\t\n\n  <div class=\"section-background-overlay\"><\/div>\n\n\n<div class=\"section-container\"><h1 class=\"bde-heading-3586-161 bde-heading\">\nTJ  Mokr\u00e9 - \u017eeny\n<\/h1><div class=\"bde-text-3586-162 bde-text\">\nTren\u00e9r: Ji\u0159\u00ed Hrab\u00e1nek\n<\/div><div class=\"bde-text-3586-163 bde-text\">\naktu\u00e1ln\u00ed sout\u011b\u017e: FA\u010cR \u017deny \u203a 2025 J4C - 4. \u010desk\u00e1 liga \u017een - skupina C\n<\/div><div class=\"bde-button-3586-164 bde-button\">\n    \n                        \n                        \n    \n    \n    \n    \n            \n                    \n            \n            \n\n    \n    \n    \n    \n    \n    <a class=\"breakdance-link button-atom button-atom--custom bde-button__button\" href=\"https:\/\/www.fotbal.cz\/souteze\/turnaje\/table\/efd68fe1-8103-4e61-b379-dcd6410a90e2\" target=\"_self\" data-type=\"url\"  >\n\n    \n        <span class=\"button-atom__text\">tabulka<\/span>\n\n                            \n        \n                <\/a>\n\n    \n\n\n<\/div><\/div>\n<\/section><section class=\"bde-section-3586-165 bde-section\">\n  \n  \n\t\n\n\n\n<div class=\"section-container\"><h1 class=\"bde-heading-3586-166 bde-heading\">\nZ\u00e1pasy a v\u00fdsledky\n<\/h1><div class=\"bde-post-loop-3586-167 bde-post-loop\"><div class=\"bde-loop bde-loop- ee-posts ee-posts-\">    <article class=\"bde-loop-item ee-post\">\n        <div class='breakdance'><div class=\"bde-div-5432-100-4291-5432-1 bde-div bde-div-5432-100\">\n  \n  \n\t\n\n\n\n<div class=\"bde-code-block-5432-101-4291-5432-1 bde-code-block bde-code-block-5432-101\">\n\n      <style>\n        \/* Z\u00e1kladn\u00ed kontejner *\/\n        .sezona-wrapper { font-family: 'Barlow', sans-serif; color: #fdfeff; width: 100%; margin: 0 auto; }\n        .zapas-row { \n            display: flex; \n            align-items: center; \n            padding: 25px 0; \n            border-bottom: 1px solid rgba(253,254,255,0.1); \n            gap: 20px; \n        }\n        .zapas-datum-cas { flex: 0 0 280px; font-size: 1.1rem; }\n        .zapas-tymy-wrap { flex: 1; display: flex; align-items: center; justify-content: center; }\n        .tym-jednotka { flex: 1; display: flex; align-items: center; gap: 20px; }\n        .tym-home { justify-content: flex-end; text-align: right; }\n        .tym-away { justify-content: flex-start; text-align: left; }\n        .skore-stred { flex: 0 0 120px; text-align: center; }\n\n        \/* RESPONZIVITA - pod 900px *\/\n        @media (max-width: 900px) {\n            .zapas-row { flex-direction: column; text-align: center; gap: 15px; padding: 30px 0px; }\n            .zapas-datum-cas { \n                flex: none; \n                width: 100%; \n                background: rgba(253,254,255,0.05); \n                padding: 10px 0; \n                border-radius: 4px;\n            }\n            .zapas-datum-cas span { display: block; margin: 0 !important; }\n            .zapas-tymy-wrap { width: 100%; gap: 10px; }\n            .tym-jednotka { flex-direction: column; gap: 8px; }\n            .tym-home, .tym-away { text-align: center; justify-content: center; }\n            .tym-jednotka span { font-size: 1rem !important; }\n            .skore-stred { flex: 0 0 60px; }\n            .skore-stred span { font-size: 1.4rem !important; }\n        }\n    <\/style>\n\n    <div class=\"sezona-wrapper\">\n                <div class=\"zapas-row\">\n                <div class=\"zapas-datum-cas\">\n                    <span style=\"font-weight: 700;\">Ned\u011ble 15. 3. 2026<\/span>\n                    <span style=\"opacity: 0.5; margin-left: 15px;\">15:30<\/span>\n                <\/div>\n\n                <div class=\"zapas-tymy-wrap\">\n                    <div class=\"tym-jednotka tym-home\">\n                        <span style=\"font-weight: 600; font-size: 1.2rem; letter-spacing: 1px;\">TJ BLATN\u00c1<\/span>\n                        <img decoding=\"async\" src=\"https:\/\/www.tjmokre.cz\/wp-content\/uploads\/2022\/08\/blatna-150x150.png\" style=\"width: 45px; height: 45px; object-fit: contain;\">\n                    <\/div>\n\n                    <div class=\"skore-stred\">\n                        <span style='font-weight: 900; color: #00a8e8; font-size: 1.8rem;'>0 : 12<\/span>                    <\/div>\n\n                    <div class=\"tym-jednotka tym-away\">\n                        <img decoding=\"async\" src=\"https:\/\/www.tjmokre.cz\/wp-content\/uploads\/2019\/07\/logo_nove_tjmokre-150x150.png\" style=\"width: 45px; height: 45px; object-fit: contain;\">\n                        <span style=\"font-weight: 600; font-size: 1.2rem; letter-spacing: 1px;\">TJ MOKR\u00c9 &#8211; \u017dENY<\/span>\n                    <\/div>\n                <\/div>\n            <\/div>\n                        <div class=\"zapas-row\">\n                <div class=\"zapas-datum-cas\">\n                    <span style=\"font-weight: 700;\">Sobota 21. 3. 2026<\/span>\n                    <span style=\"opacity: 0.5; margin-left: 15px;\">14:00<\/span>\n                <\/div>\n\n                <div class=\"zapas-tymy-wrap\">\n                    <div class=\"tym-jednotka tym-home\">\n                        <span style=\"font-weight: 600; font-size: 1.2rem; letter-spacing: 1px;\">TJ MOKR\u00c9 &#8211; \u017dENY<\/span>\n                        <img decoding=\"async\" src=\"https:\/\/www.tjmokre.cz\/wp-content\/uploads\/2019\/07\/logo_nove_tjmokre-150x150.png\" style=\"width: 45px; height: 45px; object-fit: contain;\">\n                    <\/div>\n\n                    <div class=\"skore-stred\">\n                        <span style='font-weight: 900; color: #00a8e8; font-size: 1.8rem;'>5 : 2<\/span>                    <\/div>\n\n                    <div class=\"tym-jednotka tym-away\">\n                        <img decoding=\"async\" src=\"https:\/\/www.tjmokre.cz\/wp-content\/uploads\/2022\/08\/domazlice-150x150.png\" style=\"width: 45px; height: 45px; object-fit: contain;\">\n                        <span style=\"font-weight: 600; font-size: 1.2rem; letter-spacing: 1px;\">TJ JISKRA DOMA\u017dLICE<\/span>\n                    <\/div>\n                <\/div>\n            <\/div>\n                        <div class=\"zapas-row\">\n                <div class=\"zapas-datum-cas\">\n                    <span style=\"font-weight: 700;\">Ned\u011ble 29. 3. 2026<\/span>\n                    <span style=\"opacity: 0.5; margin-left: 15px;\">10:30<\/span>\n                <\/div>\n\n                <div class=\"zapas-tymy-wrap\">\n                    <div class=\"tym-jednotka tym-home\">\n                        <span style=\"font-weight: 600; font-size: 1.2rem; letter-spacing: 1px;\">FK SPARTAK KAPLICE<\/span>\n                        <img decoding=\"async\" src=\"https:\/\/www.tjmokre.cz\/wp-content\/uploads\/2020\/08\/fk-spartak-kaplice-150x150.png\" style=\"width: 45px; height: 45px; object-fit: contain;\">\n                    <\/div>\n\n                    <div class=\"skore-stred\">\n                        <span style='font-weight: 900; color: #00a8e8; font-size: 1.8rem;'>4 : 7<\/span>                    <\/div>\n\n                    <div class=\"tym-jednotka tym-away\">\n                        <img decoding=\"async\" src=\"https:\/\/www.tjmokre.cz\/wp-content\/uploads\/2019\/07\/logo_nove_tjmokre-150x150.png\" style=\"width: 45px; height: 45px; object-fit: contain;\">\n                        <span style=\"font-weight: 600; font-size: 1.2rem; letter-spacing: 1px;\">TJ MOKR\u00c9 &#8211; \u017dENY<\/span>\n                    <\/div>\n                <\/div>\n            <\/div>\n                        <div class=\"zapas-row\">\n                <div class=\"zapas-datum-cas\">\n                    <span style=\"font-weight: 700;\">Sobota 11. 4. 2026<\/span>\n                    <span style=\"opacity: 0.5; margin-left: 15px;\">12:00<\/span>\n                <\/div>\n\n                <div class=\"zapas-tymy-wrap\">\n                    <div class=\"tym-jednotka tym-home\">\n                        <span style=\"font-weight: 600; font-size: 1.2rem; letter-spacing: 1px;\">TJ MOKR\u00c9 &#8211; \u017dENY<\/span>\n                        <img decoding=\"async\" src=\"https:\/\/www.tjmokre.cz\/wp-content\/uploads\/2019\/07\/logo_nove_tjmokre-150x150.png\" style=\"width: 45px; height: 45px; object-fit: contain;\">\n                    <\/div>\n\n                    <div class=\"skore-stred\">\n                        <span style='font-weight: 900; color: #00a8e8; font-size: 1.8rem;'>1 : 0<\/span>                    <\/div>\n\n                    <div class=\"tym-jednotka tym-away\">\n                        <img decoding=\"async\" src=\"https:\/\/www.tjmokre.cz\/wp-content\/uploads\/2022\/08\/klatovy-150x150.png\" style=\"width: 45px; height: 45px; object-fit: contain;\">\n                        <span style=\"font-weight: 600; font-size: 1.2rem; letter-spacing: 1px;\">SK KLATOVY 1898<\/span>\n                    <\/div>\n                <\/div>\n            <\/div>\n                        <div class=\"zapas-row\">\n                <div class=\"zapas-datum-cas\">\n                    <span style=\"font-weight: 700;\">Sobota 18. 4. 2026<\/span>\n                    <span style=\"opacity: 0.5; margin-left: 15px;\">17:00<\/span>\n                <\/div>\n\n                <div class=\"zapas-tymy-wrap\">\n                    <div class=\"tym-jednotka tym-home\">\n                        <span style=\"font-weight: 600; font-size: 1.2rem; letter-spacing: 1px;\">TJ HRADI\u0160T\u011a<\/span>\n                        <img decoding=\"async\" src=\"https:\/\/www.tjmokre.cz\/wp-content\/uploads\/2022\/08\/hradiste-150x150.png\" style=\"width: 45px; height: 45px; object-fit: contain;\">\n                    <\/div>\n\n                    <div class=\"skore-stred\">\n                        <span style='opacity: 0.2; font-size: 1.5rem;'>\u2014<\/span>                    <\/div>\n\n                    <div class=\"tym-jednotka tym-away\">\n                        <img decoding=\"async\" src=\"https:\/\/www.tjmokre.cz\/wp-content\/uploads\/2019\/07\/logo_nove_tjmokre-150x150.png\" style=\"width: 45px; height: 45px; object-fit: contain;\">\n                        <span style=\"font-weight: 600; font-size: 1.2rem; letter-spacing: 1px;\">TJ MOKR\u00c9 &#8211; \u017dENY<\/span>\n                    <\/div>\n                <\/div>\n            <\/div>\n                        <div class=\"zapas-row\">\n                <div class=\"zapas-datum-cas\">\n                    <span style=\"font-weight: 700;\">Sobota 25. 4. 2026<\/span>\n                    <span style=\"opacity: 0.5; margin-left: 15px;\">11:00<\/span>\n                <\/div>\n\n                <div class=\"zapas-tymy-wrap\">\n                    <div class=\"tym-jednotka tym-home\">\n                        <span style=\"font-weight: 600; font-size: 1.2rem; letter-spacing: 1px;\">TJ MOKR\u00c9 &#8211; \u017dENY<\/span>\n                        <img decoding=\"async\" src=\"https:\/\/www.tjmokre.cz\/wp-content\/uploads\/2019\/07\/logo_nove_tjmokre-150x150.png\" style=\"width: 45px; height: 45px; object-fit: contain;\">\n                    <\/div>\n\n                    <div class=\"skore-stred\">\n                        <span style='opacity: 0.2; font-size: 1.5rem;'>\u2014<\/span>                    <\/div>\n\n                    <div class=\"tym-jednotka tym-away\">\n                        <img decoding=\"async\" src=\"https:\/\/www.tjmokre.cz\/wp-content\/uploads\/2025\/08\/buk-150x150.png\" style=\"width: 45px; height: 45px; object-fit: contain;\">\n                        <span style=\"font-weight: 600; font-size: 1.2rem; letter-spacing: 1px;\">AC BUK<\/span>\n                    <\/div>\n                <\/div>\n            <\/div>\n                        <div class=\"zapas-row\">\n                <div class=\"zapas-datum-cas\">\n                    <span style=\"font-weight: 700;\">Sobota 16. 5. 2026<\/span>\n                    <span style=\"opacity: 0.5; margin-left: 15px;\">13:00<\/span>\n                <\/div>\n\n                <div class=\"zapas-tymy-wrap\">\n                    <div class=\"tym-jednotka tym-home\">\n                        <span style=\"font-weight: 600; font-size: 1.2rem; letter-spacing: 1px;\">TJ MOKR\u00c9 &#8211; \u017dENY<\/span>\n                        <img decoding=\"async\" src=\"https:\/\/www.tjmokre.cz\/wp-content\/uploads\/2019\/07\/logo_nove_tjmokre-150x150.png\" style=\"width: 45px; height: 45px; object-fit: contain;\">\n                    <\/div>\n\n                    <div class=\"skore-stred\">\n                        <span style='opacity: 0.2; font-size: 1.5rem;'>\u2014<\/span>                    <\/div>\n\n                    <div class=\"tym-jednotka tym-away\">\n                        <img decoding=\"async\" src=\"https:\/\/www.tjmokre.cz\/wp-content\/uploads\/2023\/08\/prachatice-150x150.png\" style=\"width: 45px; height: 45px; object-fit: contain;\">\n                        <span style=\"font-weight: 600; font-size: 1.2rem; letter-spacing: 1px;\">FK TATRAN PRACHATICE<\/span>\n                    <\/div>\n                <\/div>\n            <\/div>\n                        <div class=\"zapas-row\">\n                <div class=\"zapas-datum-cas\">\n                    <span style=\"font-weight: 700;\">Ned\u011ble 24. 5. 2026<\/span>\n                    <span style=\"opacity: 0.5; margin-left: 15px;\">10:00<\/span>\n                <\/div>\n\n                <div class=\"zapas-tymy-wrap\">\n                    <div class=\"tym-jednotka tym-home\">\n                        <span style=\"font-weight: 600; font-size: 1.2rem; letter-spacing: 1px;\">FC T\u00c1BORSKO<\/span>\n                        <img decoding=\"async\" src=\"https:\/\/www.tjmokre.cz\/wp-content\/uploads\/2022\/08\/taborsko-150x150.png\" style=\"width: 45px; height: 45px; object-fit: contain;\">\n                    <\/div>\n\n                    <div class=\"skore-stred\">\n                        <span style='opacity: 0.2; font-size: 1.5rem;'>\u2014<\/span>                    <\/div>\n\n                    <div class=\"tym-jednotka tym-away\">\n                        <img decoding=\"async\" src=\"https:\/\/www.tjmokre.cz\/wp-content\/uploads\/2019\/07\/logo_nove_tjmokre-150x150.png\" style=\"width: 45px; height: 45px; object-fit: contain;\">\n                        <span style=\"font-weight: 600; font-size: 1.2rem; letter-spacing: 1px;\">TJ MOKR\u00c9 &#8211; \u017dENY<\/span>\n                    <\/div>\n                <\/div>\n            <\/div>\n            <\/div>\n\n\n<\/div>\n<\/div><\/div>    <\/article>\n<\/div>\r\n<\/div><\/div>\n<\/section><\/div>","protected":false},"excerpt":{"rendered":"<p>TJ Mokr\u00e9 &#8211; \u017eeny Tren\u00e9r: Ji\u0159\u00ed Hrab\u00e1nek aktu\u00e1ln\u00ed sout\u011b\u017e: FA\u010cR \u017deny \u203a 2025 J4C &#8211; 4. \u010desk\u00e1 liga \u017een &#8211; skupina C tabulka Z\u00e1pasy a v\u00fdsledky Ned\u011ble 15. 3. 2026 15:30 TJ BLATN\u00c1 0 : 12 TJ MOKR\u00c9 &#8211; \u017dENY Sobota 21. 3. 2026 14:00 TJ MOKR\u00c9 &#8211; \u017dENY 5 : 2 TJ JISKRA DOMA\u017dLICE&hellip;&nbsp;<a href=\"https:\/\/www.tjmokre.cz\/index.php\/zeny\/\" rel=\"bookmark\">\u010c\u00edst d\u00e1le &raquo;<span class=\"screen-reader-text\">\u017deny<\/span><\/a><\/p>\n","protected":false},"author":1,"featured_media":0,"parent":0,"menu_order":0,"comment_status":"closed","ping_status":"closed","template":"","meta":{"neve_meta_sidebar":"","neve_meta_container":"","neve_meta_enable_content_width":"","neve_meta_content_width":0,"neve_meta_title_alignment":"","neve_meta_author_avatar":"","neve_post_elements_order":"","neve_meta_disable_header":"off","neve_meta_disable_footer":"off","neve_meta_disable_title":"on","_breakdance_hide_in_design_set":false,"_breakdance_tags":"","footnotes":""},"class_list":["post-3586","page","type-page","status-publish","hentry"],"_links":{"self":[{"href":"https:\/\/www.tjmokre.cz\/index.php\/wp-json\/wp\/v2\/pages\/3586","targetHints":{"allow":["GET"]}}],"collection":[{"href":"https:\/\/www.tjmokre.cz\/index.php\/wp-json\/wp\/v2\/pages"}],"about":[{"href":"https:\/\/www.tjmokre.cz\/index.php\/wp-json\/wp\/v2\/types\/page"}],"author":[{"embeddable":true,"href":"https:\/\/www.tjmokre.cz\/index.php\/wp-json\/wp\/v2\/users\/1"}],"replies":[{"embeddable":true,"href":"https:\/\/www.tjmokre.cz\/index.php\/wp-json\/wp\/v2\/comments?post=3586"}],"version-history":[{"count":22,"href":"https:\/\/www.tjmokre.cz\/index.php\/wp-json\/wp\/v2\/pages\/3586\/revisions"}],"predecessor-version":[{"id":5477,"href":"https:\/\/www.tjmokre.cz\/index.php\/wp-json\/wp\/v2\/pages\/3586\/revisions\/5477"}],"wp:attachment":[{"href":"https:\/\/www.tjmokre.cz\/index.php\/wp-json\/wp\/v2\/media?parent=3586"}],"curies":[{"name":"wp","href":"https:\/\/api.w.org\/{rel}","templated":true}]}}