{"id":3741,"date":"2023-08-05T11:58:42","date_gmt":"2023-08-05T09:58:42","guid":{"rendered":"https:\/\/www.tjmokre.cz\/?page_id=3741"},"modified":"2026-03-13T20:23:53","modified_gmt":"2026-03-13T19:23:53","slug":"vybor-tj-mokre","status":"publish","type":"page","link":"https:\/\/www.tjmokre.cz\/index.php\/vybor-tj-mokre\/","title":{"rendered":"V\u00fdbor TJ Mokr\u00e9"},"content":{"rendered":"<div class='breakdance'><section class=\"bde-section-3741-147 bde-section\">\n              \n  \n  \n\t\n\n  <div class=\"section-background-overlay\"><\/div>\n\n\n<div class=\"section-container\"><h1 class=\"bde-heading-3741-148 bde-heading\">\nv\u00fdbor tj mokr\u00e9\n<\/h1><\/div>\n<\/section><section class=\"bde-section-3741-117 bde-section\">\n  \n  \n\t\n\n\n\n<div class=\"section-container\"><div class=\"bde-columns-3741-141 bde-columns\"><div class=\"bde-column-3741-142 bde-column\">\n  \n  \n\t\n\n\n\n<div class=\"bde-text-3741-144 bde-text\">\nP\u0159edseda: Ji\u0159\u00ed Hrab\u00e1nek<br><br>M\u00edstop\u0159edseda: Jan Navara<br><br>Sportovn\u00ed mana\u017eer: Marek Frimmel<br>\n<\/div>\n<\/div><div class=\"bde-column-3741-143 bde-column\">\n  \n  \n\t\n\n\n\n<div class=\"bde-text-3741-146 bde-text\">\n\u010clen: Kate\u0159ina Hrab\u00e1nkov\u00e1 ml.<br><br>\u010clen: Petr Zachleder<br><br>\u010clen: Ji\u0159\u00ed Mal\u00fd<br><br>\u010clen: Daniel Hr\u00e1dek<br><br>\u010clen: Ji\u0159\u00ed Baumruk<br><br>\u010clen: Petr \u0160tumbauer\n<\/div>\n<\/div><\/div><\/div>\n<\/section><\/div>","protected":false},"excerpt":{"rendered":"<p>v\u00fdbor tj mokr\u00e9 P\u0159edseda: Ji\u0159\u00ed Hrab\u00e1nekM\u00edstop\u0159edseda: Jan NavaraSportovn\u00ed mana\u017eer: Marek Frimmel \u010clen: Kate\u0159ina Hrab\u00e1nkov\u00e1 ml.\u010clen: Petr Zachleder\u010clen: Ji\u0159\u00ed Mal\u00fd\u010clen: Daniel Hr\u00e1dek\u010clen: Ji\u0159\u00ed Baumruk\u010clen: Petr \u0160tumbauer<\/p>\n","protected":false},"author":1,"featured_media":0,"parent":0,"menu_order":0,"comment_status":"closed","ping_status":"closed","template":"","meta":{"neve_meta_sidebar":"","neve_meta_container":"","neve_meta_enable_content_width":"","neve_meta_content_width":0,"neve_meta_title_alignment":"","neve_meta_author_avatar":"","neve_post_elements_order":"","neve_meta_disable_header":"off","neve_meta_disable_footer":"off","neve_meta_disable_title":"on","_breakdance_hide_in_design_set":false,"_breakdance_tags":"","footnotes":""},"class_list":["post-3741","page","type-page","status-publish","hentry"],"_links":{"self":[{"href":"https:\/\/www.tjmokre.cz\/index.php\/wp-json\/wp\/v2\/pages\/3741","targetHints":{"allow":["GET"]}}],"collection":[{"href":"https:\/\/www.tjmokre.cz\/index.php\/wp-json\/wp\/v2\/pages"}],"about":[{"href":"https:\/\/www.tjmokre.cz\/index.php\/wp-json\/wp\/v2\/types\/page"}],"author":[{"embeddable":true,"href":"https:\/\/www.tjmokre.cz\/index.php\/wp-json\/wp\/v2\/users\/1"}],"replies":[{"embeddable":true,"href":"https:\/\/www.tjmokre.cz\/index.php\/wp-json\/wp\/v2\/comments?post=3741"}],"version-history":[{"count":11,"href":"https:\/\/www.tjmokre.cz\/index.php\/wp-json\/wp\/v2\/pages\/3741\/revisions"}],"predecessor-version":[{"id":5518,"href":"https:\/\/www.tjmokre.cz\/index.php\/wp-json\/wp\/v2\/pages\/3741\/revisions\/5518"}],"wp:attachment":[{"href":"https:\/\/www.tjmokre.cz\/index.php\/wp-json\/wp\/v2\/media?parent=3741"}],"curies":[{"name":"wp","href":"https:\/\/api.w.org\/{rel}","templated":true}]}}