{"id":3768,"date":"2023-08-05T18:09:28","date_gmt":"2023-08-05T16:09:28","guid":{"rendered":"https:\/\/www.tjmokre.cz\/?page_id=3768"},"modified":"2026-03-13T20:51:05","modified_gmt":"2026-03-13T19:51:05","slug":"kontakty-2","status":"publish","type":"page","link":"https:\/\/www.tjmokre.cz\/index.php\/kontakty-2\/","title":{"rendered":"Kontakty"},"content":{"rendered":"<div class='breakdance'><section class=\"bde-section-3768-303 bde-section\">\n              \n  \n  \n\t\n\n  <div class=\"section-background-overlay\"><\/div>\n\n\n<div class=\"section-container\"><h1 class=\"bde-heading-3768-304 bde-heading\">\nkontakty\n<\/h1><\/div>\n<\/section><section class=\"bde-section-3768-289 bde-section\">\n  \n  \n\t\n\n\n\n<div class=\"section-container\"><h1 class=\"bde-heading-3768-290 bde-heading\">\nT\u011blov\u00fdchovn\u00e1 jednota Mokr\u00e9, z.s.\n<\/h1><div class=\"bde-columns-3768-291 bde-columns\"><div class=\"bde-column-3768-292 bde-column\">\n  \n  \n\t\n\n\n\n<div class=\"bde-text-3768-294 bde-text\">\nLitv\u00ednovice 39<br>370 01 \u010cesk\u00e9 Bud\u011bjovice<br><br>I\u010c: 60073136<br>Datov\u00e1 schr\u00e1nka: \u201eT\u011blov\u00fdchovn\u00e1 jednota Mokr\u00e9, z.s.\u201c (2ffje9e)<br>\u010d\u00edslo \u00fa\u010dtu: 265179405\/0300\n<\/div><div class=\"bde-text-3768-295 bde-text\">\nKontaktn\u00ed osoba:<br><br>Ji\u0159\u00ed Hrab\u00e1nek<br>Litv\u00ednovice 130<br>370 01 \u010cesk\u00e9 Bud\u011bjovice<br><br>telefon: 606 684 979<br>e-mail: jhrabanek@fostron.cz\n<\/div>\n<\/div><div class=\"bde-column-3768-293 bde-column\">\n  \n  \n\t\n\n\n\n<h3 class=\"bde-heading-3768-296 bde-heading\">\nH\u0159i\u0161t\u011b TJ Mokr\u00e9 se nach\u00e1z\u00ed na konci obce Litv\u00ednovice \u2013 Mokr\u00e9, sm\u011brem z \u010cesk\u00fdch Bud\u011bjovic na obec T\u0159eb\u00edn (viz mapa). Parkov\u00e1n\u00ed je mo\u017en\u00e9 p\u0159\u00edmo u h\u0159i\u0161t\u011b, nebo u p\u0159\u00edjezdov\u00e9 cesty.\n<\/h3><div class=\"bde-image-3768-301 bde-image\">\n<figure class=\"breakdance-image breakdance-image--3771\">\n\t<div class=\"breakdance-image-container\">\n\t\t<div class=\"breakdance-image-clip\"><a class=\"breakdance-image-link breakdance-image-link--url\" href=\"https:\/\/goo.gl\/maps\/KHH4Bc5BK4foNXgc8\" target=\"_blank\" rel=\"noopener\" data-sub-html=\"\" data-lg-size=\"-\"><img loading=\"lazy\" decoding=\"async\" class=\"breakdance-image-object\" src=\"https:\/\/www.tjmokre.cz\/wp-content\/uploads\/2023\/08\/mapa.png\" width=\"1168\" height=\"713\" srcset=\"https:\/\/www.tjmokre.cz\/wp-content\/uploads\/2023\/08\/mapa.png 1168w, https:\/\/www.tjmokre.cz\/wp-content\/uploads\/2023\/08\/mapa-300x183.png 300w, https:\/\/www.tjmokre.cz\/wp-content\/uploads\/2023\/08\/mapa-1024x625.png 1024w, https:\/\/www.tjmokre.cz\/wp-content\/uploads\/2023\/08\/mapa-768x469.png 768w, https:\/\/www.tjmokre.cz\/wp-content\/uploads\/2023\/08\/mapa-128x78.png 128w, https:\/\/www.tjmokre.cz\/wp-content\/uploads\/2023\/08\/mapa-32x20.png 32w\" sizes=\"auto, (max-width: 1168px) 100vw, 1168px\"><\/a><\/div>\n\t<\/div><\/figure>\n\n<\/div>\n<\/div><\/div><div class=\"bde-text-3768-302 bde-text\">\nSpr\u00e1vce webov\u00fdch str\u00e1nek: Martina Chrom\u00e1<br>e-mail: chromam@gmail.com\n<\/div><\/div>\n<\/section><\/div>","protected":false},"excerpt":{"rendered":"<p>kontakty T\u011blov\u00fdchovn\u00e1 jednota Mokr\u00e9, z.s. Litv\u00ednovice 39370 01 \u010cesk\u00e9 Bud\u011bjoviceI\u010c: 60073136Datov\u00e1 schr\u00e1nka: \u201eT\u011blov\u00fdchovn\u00e1 jednota Mokr\u00e9, z.s.\u201c (2ffje9e)\u010d\u00edslo \u00fa\u010dtu: 265179405\/0300 Kontaktn\u00ed osoba:Ji\u0159\u00ed Hrab\u00e1nekLitv\u00ednovice 130370 01 \u010cesk\u00e9 Bud\u011bjovicetelefon: 606 684 979e-mail: jhrabanek@fostron.cz H\u0159i\u0161t\u011b TJ Mokr\u00e9 se nach\u00e1z\u00ed na konci obce Litv\u00ednovice \u2013 Mokr\u00e9, sm\u011brem z \u010cesk\u00fdch Bud\u011bjovic na obec T\u0159eb\u00edn (viz mapa). Parkov\u00e1n\u00ed je mo\u017en\u00e9 p\u0159\u00edmo u&hellip;&nbsp;<a href=\"https:\/\/www.tjmokre.cz\/index.php\/kontakty-2\/\" rel=\"bookmark\">\u010c\u00edst d\u00e1le &raquo;<span class=\"screen-reader-text\">Kontakty<\/span><\/a><\/p>\n","protected":false},"author":1,"featured_media":0,"parent":0,"menu_order":0,"comment_status":"closed","ping_status":"closed","template":"","meta":{"neve_meta_sidebar":"","neve_meta_container":"","neve_meta_enable_content_width":"","neve_meta_content_width":0,"neve_meta_title_alignment":"","neve_meta_author_avatar":"","neve_post_elements_order":"","neve_meta_disable_header":"off","neve_meta_disable_footer":"off","neve_meta_disable_title":"on","_breakdance_hide_in_design_set":false,"_breakdance_tags":"","footnotes":""},"class_list":["post-3768","page","type-page","status-publish","hentry"],"_links":{"self":[{"href":"https:\/\/www.tjmokre.cz\/index.php\/wp-json\/wp\/v2\/pages\/3768","targetHints":{"allow":["GET"]}}],"collection":[{"href":"https:\/\/www.tjmokre.cz\/index.php\/wp-json\/wp\/v2\/pages"}],"about":[{"href":"https:\/\/www.tjmokre.cz\/index.php\/wp-json\/wp\/v2\/types\/page"}],"author":[{"embeddable":true,"href":"https:\/\/www.tjmokre.cz\/index.php\/wp-json\/wp\/v2\/users\/1"}],"replies":[{"embeddable":true,"href":"https:\/\/www.tjmokre.cz\/index.php\/wp-json\/wp\/v2\/comments?post=3768"}],"version-history":[{"count":19,"href":"https:\/\/www.tjmokre.cz\/index.php\/wp-json\/wp\/v2\/pages\/3768\/revisions"}],"predecessor-version":[{"id":5534,"href":"https:\/\/www.tjmokre.cz\/index.php\/wp-json\/wp\/v2\/pages\/3768\/revisions\/5534"}],"wp:attachment":[{"href":"https:\/\/www.tjmokre.cz\/index.php\/wp-json\/wp\/v2\/media?parent=3768"}],"curies":[{"name":"wp","href":"https:\/\/api.w.org\/{rel}","templated":true}]}}